{"id":1151,"date":"2024-11-10T07:44:03","date_gmt":"2024-11-10T07:44:03","guid":{"rendered":"https:\/\/www.renovation-baignoire.ch\/renomac\/?page_id=1151"},"modified":"2024-11-19T14:23:34","modified_gmt":"2024-11-19T13:23:34","slug":"test","status":"publish","type":"page","link":"https:\/\/www.renovation-baignoire.ch\/renomac\/?page_id=1151","title":{"rendered":"Liste de prix 2025"},"content":{"rendered":"<h1>\n<h1>Liste de prix 2025<\/h1>\n<\/h1>\n<div>\n<p>Pour toute commande d\u00e9passant CHF 790.-, les frais de d\u00e9placement dans l&rsquo;arc l\u00e9manique sont pris en charge.<br \/>R\u00e9no-Mac S\u00e0rl propose une garantie de six ans contre l&rsquo;\u00e9caillage, assurant durabilit\u00e9 et haute qualit\u00e9. <br \/>Les clients peuvent \u00e9galement personnaliser chaque projet en choisissant parmi une vaste gamme de couleurs adapt\u00e9es \u00e0 leurs pr\u00e9f\u00e9rences et \u00e0 leur style.<\/p>\n<\/div>\n<p><img decoding=\"async\" src=\"\/renomac\/wp-content\/uploads\/2024\/11\/baignoire1.webp\" alt=\"\"><\/p>\n<h2><span>R\u00e9novation de baignoire<\/span><\/h2>\n<ul>\n<li>\n<h3>Baignoire blanche<\/h3>\n<p>790.00<\/p>\n<\/li>\n<li>\n<h3>Baignoire acrylique<\/h3>\n<p>Sur devis<\/p>\n<\/li>\n<li>\n<h3>Baignoire couleur<\/h3>\n<p>850.00<\/p>\n<\/li>\n<li>\n<h3>D\u00e9capage ancien r\u00e9-\u00e9maillage<\/h3>\n<p>CHF 130.00<\/p>\n<\/li>\n<li>\n<h3>R\u00e9paration d&rsquo;un \u00e9clat<\/h3>\n<p>CHF 200 \u00e0 CHF 250.00<\/p>\n<\/li>\n<li>\n<h3>Pose d&rsquo;une baignoire acrylique<\/h3>\n<p>CHF 1&rsquo;600.00<\/p>\n<\/li>\n<li>\n<h3>Rev\u00eatement antiglisse<\/h3>\n<p>CHF 100.00<\/p>\n<\/li>\n<li>\n<h3>Joint silicone<\/h3>\n<p>CHF 120.00<\/p>\n<\/li>\n<\/ul>\n<p><img decoding=\"async\" src=\"\/renomac\/wp-content\/uploads\/2024\/11\/douche1.jpg\" alt=\"\"><\/p>\n<h2><span>R\u00e9novation de douche<\/span><\/h2>\n<ul>\n<li>\n<h3>Douche blanche<\/h3>\n<p>CHF 600.00<\/p>\n<\/li>\n<li>\n<h3>Douche couleur<\/h3>\n<p>CHF 650.00<\/p>\n<\/li>\n<li>\n<h3>R\u00e9paration d&rsquo;un \u00e9clat<\/h3>\n<p>CHF 200.00 \u00e0 CHF 250.00<\/p>\n<\/li>\n<li>\n<h3>Rev\u00eatement antiglisse<\/h3>\n<p>CHF 100.00<\/p>\n<\/li>\n<\/ul>\n<p><img decoding=\"async\" src=\"\/renomac\/wp-content\/uploads\/2024\/11\/lavabo1.webp\" alt=\"\"><\/p>\n<h2><span>R\u00e9novation lavabo, \u00e9vier, WC<\/span><\/h2>\n<ul>\n<li>\n<h3>Lavabo encastr\u00e9<\/h3>\n<p>CHF 600.00<\/p>\n<\/li>\n<li>\n<h3>Lavabo porcelaine<\/h3>\n<p>CHF 700.00<\/p>\n<\/li>\n<li>\n<h3>Evier cuisine<\/h3>\n<p>CHF 750.00<\/p>\n<\/li>\n<li>\n<h3>R\u00e9paration d&rsquo;un \u00e9clat<\/h3>\n<p>CHF 200 \u00e0 CHF 250.00<\/p>\n<\/li>\n<li>\n<h3>Joint silicone<\/h3>\n<p>CHF 200 \u00e0 CHF 250.00<\/p>\n<\/li>\n<li>\n<h3>D\u00e9tartrage WC<\/h3>\n<p>CHF 60.00<\/p>\n<\/li>\n<\/ul>\n<hr>\n<h5>Conditions g\u00e9n\u00e9rales<\/h5>\n<div>\n<p>Les prix s&rsquo;entendent hors TVA suisse. <br \/>Pour toutes commandes sup\u00e9rieures \u00e0 CHF 790.-, les frais de d\u00e9placement dans l&rsquo;arc l\u00e9manique sont offerts.<\/p>\n<\/div>\n<h5>Garanties de 6 ans !<\/h5>\n<div>\n<p>R\u00e9no-Mac S\u00e0rl propose une garantie de six ans contre l&rsquo;\u00e9caillage, garantissant durabilit\u00e9 et qualit\u00e9. Les clients b\u00e9n\u00e9ficient \u00e9galement d&rsquo;un large choix de couleurs, leur permettant de personnaliser chaque projet selon leurs pr\u00e9f\u00e9rences et leur style.<\/p>\n<\/div>\n<p><!--more--><br \/>\n<!-- {\"type\":\"layout\",\"children\":[{\"type\":\"section\",\"props\":{\"id\":\"prix\",\"image_position\":\"center-center\",\"padding\":\"xlarge\",\"style\":\"default\",\"title_breakpoint\":\"xl\",\"title_position\":\"top-left\",\"title_rotation\":\"left\",\"vertical_align\":\"\",\"width\":\"large\"},\"children\":[{\"type\":\"row\",\"children\":[{\"type\":\"column\",\"props\":{\"image_position\":\"center-center\",\"position_sticky_breakpoint\":\"m\"},\"children\":[{\"type\":\"headline\",\"props\":{\"content\":\"\n\n<h1>Liste de prix 2025<\\\/h1>\",\"title_element\":\"h1\",\"title_style\":\"heading-medium\"}},{\"type\":\"text\",\"props\":{\"animation\":\"slide-left-small\",\"column_breakpoint\":\"m\",\"content\":\"\n\n<p>Pour toute commande d\\u00e9passant CHF 790.-, les frais de d\\u00e9placement dans l'arc l\\u00e9manique sont pris en charge.<br \\\/>R\\u00e9no-Mac S\\u00e0rl propose une garantie de six ans contre l'\\u00e9caillage, assurant durabilit\\u00e9 et haute qualit\\u00e9. <br \\\/>Les clients peuvent \\u00e9galement personnaliser chaque projet en choisissant parmi une vaste gamme de couleurs adapt\\u00e9es \\u00e0 leurs pr\\u00e9f\\u00e9rences et \\u00e0 leur style.<\\\/p>\",\"dropcap\":false,\"margin\":\"default\",\"text_color\":\"primary\"}}]}]},{\"type\":\"row\",\"props\":{\"column_gap\":\"large\",\"id\":\"surfboards\",\"layout\":\"1-2,1-2\",\"row_gap\":\"large\"},\"children\":[{\"type\":\"column\",\"props\":{\"image_position\":\"center-center\",\"padding\":\"small\",\"position_sticky_breakpoint\":\"m\",\"width_medium\":\"1-2\"},\"children\":[{\"type\":\"image\",\"props\":{\"animation\":\"parallax\",\"image\":\"wp-content\\\/uploads\\\/2024\\\/11\\\/baignoire1.webp\",\"image_box_decoration\":\"default\",\"image_box_decoration_inverse\":true,\"image_svg_color\":\"emphasis\",\"image_width\":600,\"margin\":\"default\",\"parallax_breakpoint\":\"m\",\"parallax_easing\":\"1\",\"parallax_y\":\"5vh,-10vh\"}}]},{\"type\":\"column\",\"props\":{\"image_position\":\"center-center\",\"order_first\":\"m\",\"padding\":\"small\",\"position_sticky_breakpoint\":\"m\",\"style\":\"tile-default\",\"vertical_align\":\"middle\",\"width_medium\":\"1-2\"},\"children\":[{\"type\":\"headline\",\"props\":{\"block_align\":\"right\",\"block_align_breakpoint\":\"m\",\"block_align_fallback\":\"center\",\"content\":\"<span>R\\u00e9novation de baignoire<\\\/span>\",\"maxwidth\":\"xlarge\",\"parallax_breakpoint\":\"m\",\"parallax_y\":\"100,-100\",\"title_color\":\"primary\",\"title_element\":\"h2\"}},{\"type\":\"description_list\",\"props\":{\"block_align\":\"right\",\"block_align_breakpoint\":\"m\",\"block_align_fallback\":\"center\",\"column_breakpoint\":\"m\",\"layout\":\"grid-2-m\",\"list_element\":\"ul\",\"maxwidth\":\"xlarge\",\"meta_align\":\"below-content\",\"meta_style\":\"h6\",\"show_content\":true,\"show_link\":true,\"show_meta\":true,\"show_title\":true,\"title_colon\":false,\"title_element\":\"h3\",\"title_grid_column_gap\":\"small\",\"title_grid_row_gap\":\"small\",\"title_grid_width\":\"expand\",\"title_leader\":true,\"title_style\":\"h5\"},\"children\":[{\"type\":\"description_list_item\",\"props\":{\"content\":\"\",\"meta\":\"790.00\",\"title\":\"Baignoire blanche\"}},{\"type\":\"description_list_item\",\"props\":{\"content\":\"\",\"meta\":\"Sur devis\",\"title\":\"Baignoire acrylique\"}},{\"type\":\"description_list_item\",\"props\":{\"content\":\"\",\"meta\":\"850.00\",\"title\":\"Baignoire couleur\"}},{\"type\":\"description_list_item\",\"props\":{\"content\":\"\",\"meta\":\"CHF 130.00\",\"title\":\"D\\u00e9capage ancien r\\u00e9-\\u00e9maillage\"}},{\"type\":\"description_list_item\",\"props\":{\"content\":\"\",\"meta\":\"CHF 200 \\u00e0 CHF 250.00\",\"title\":\"R\\u00e9paration d'un \\u00e9clat\"}},{\"type\":\"description_list_item\",\"props\":{\"content\":\"\",\"meta\":\"CHF 1'600.00\",\"title\":\"Pose d'une baignoire acrylique\"}},{\"type\":\"description_list_item\",\"props\":{\"content\":\"\",\"meta\":\"CHF 100.00\",\"title\":\"Rev\\u00eatement antiglisse\"}},{\"type\":\"description_list_item\",\"props\":{\"content\":\"\",\"meta\":\"CHF 120.00\",\"title\":\"Joint silicone\"}}]}]}]},{\"type\":\"row\",\"props\":{\"column_gap\":\"large\",\"id\":\"wetsuits\",\"layout\":\"1-2,1-2\",\"margin\":\"xlarge\",\"row_gap\":\"large\"},\"children\":[{\"type\":\"column\",\"props\":{\"image_position\":\"center-center\",\"padding\":\"small\",\"position_sticky_breakpoint\":\"m\",\"width_medium\":\"1-2\"},\"children\":[{\"type\":\"image\",\"props\":{\"animation\":\"parallax\",\"image\":\"wp-content\\\/uploads\\\/2024\\\/11\\\/douche1.jpg\",\"image_box_decoration\":\"default\",\"image_box_decoration_inverse\":true,\"image_svg_color\":\"emphasis\",\"image_width\":600,\"margin\":\"default\",\"parallax_breakpoint\":\"m\",\"parallax_easing\":\"1\",\"parallax_y\":\"5vh,-10vh\"}}]},{\"type\":\"column\",\"props\":{\"image_position\":\"center-center\",\"padding\":\"small\",\"position_sticky_breakpoint\":\"m\",\"vertical_align\":\"middle\",\"width_medium\":\"1-2\"},\"children\":[{\"type\":\"headline\",\"props\":{\"block_align\":\"right\",\"block_align_breakpoint\":\"m\",\"block_align_fallback\":\"center\",\"content\":\"<span>R\\u00e9novation de douche<\\\/span>\",\"maxwidth\":\"xlarge\",\"title_color\":\"primary\",\"title_element\":\"h2\"}},{\"type\":\"description_list\",\"props\":{\"block_align\":\"right\",\"block_align_breakpoint\":\"m\",\"block_align_fallback\":\"center\",\"column_breakpoint\":\"m\",\"layout\":\"grid-2-m\",\"list_element\":\"ul\",\"maxwidth\":\"xlarge\",\"meta_align\":\"below-content\",\"meta_style\":\"h6\",\"show_content\":true,\"show_link\":true,\"show_meta\":true,\"show_title\":true,\"title_element\":\"h3\",\"title_grid_column_gap\":\"small\",\"title_grid_row_gap\":\"small\",\"title_grid_width\":\"expand\",\"title_leader\":true,\"title_style\":\"h5\"},\"children\":[{\"type\":\"description_list_item\",\"props\":{\"content\":\"\",\"meta\":\"CHF 600.00\",\"title\":\"Douche blanche\"}},{\"type\":\"description_list_item\",\"props\":{\"content\":\"\",\"meta\":\"CHF 650.00\",\"title\":\"Douche couleur\"}},{\"type\":\"description_list_item\",\"props\":{\"content\":\"\",\"meta\":\"CHF 200.00 \\u00e0 CHF 250.00\",\"title\":\"R\\u00e9paration d'un \\u00e9clat\"}},{\"type\":\"description_list_item\",\"props\":{\"content\":\"\",\"meta\":\"CHF 100.00\",\"title\":\"Rev\\u00eatement antiglisse\"}}]}]}]},{\"type\":\"row\",\"props\":{\"column_gap\":\"large\",\"id\":\"surfboards\",\"layout\":\"1-2,1-2\",\"row_gap\":\"large\"},\"children\":[{\"type\":\"column\",\"props\":{\"image_position\":\"center-center\",\"padding\":\"small\",\"position_sticky_breakpoint\":\"m\",\"width_medium\":\"1-2\"},\"children\":[{\"type\":\"image\",\"props\":{\"animation\":\"parallax\",\"image\":\"wp-content\\\/uploads\\\/2024\\\/11\\\/lavabo1.webp\",\"image_box_decoration\":\"default\",\"image_box_decoration_inverse\":true,\"image_svg_color\":\"emphasis\",\"image_width\":600,\"margin\":\"default\",\"parallax_breakpoint\":\"m\",\"parallax_easing\":\"1\",\"parallax_y\":\"5vh,-10vh\"}}]},{\"type\":\"column\",\"props\":{\"image_position\":\"center-center\",\"order_first\":\"m\",\"padding\":\"small\",\"position_sticky_breakpoint\":\"m\",\"style\":\"tile-default\",\"vertical_align\":\"middle\",\"width_medium\":\"1-2\"},\"children\":[{\"type\":\"headline\",\"props\":{\"block_align\":\"right\",\"block_align_breakpoint\":\"m\",\"block_align_fallback\":\"center\",\"content\":\"<span>R\\u00e9novation lavabo, \\u00e9vier, WC<\\\/span>\",\"maxwidth\":\"xlarge\",\"parallax_breakpoint\":\"m\",\"parallax_y\":\"100,-100\",\"title_color\":\"primary\",\"title_element\":\"h2\"}},{\"type\":\"description_list\",\"props\":{\"block_align\":\"right\",\"block_align_breakpoint\":\"m\",\"block_align_fallback\":\"center\",\"column_breakpoint\":\"m\",\"layout\":\"grid-2-m\",\"list_element\":\"ul\",\"maxwidth\":\"xlarge\",\"meta_align\":\"below-content\",\"meta_style\":\"h6\",\"show_content\":true,\"show_link\":true,\"show_meta\":true,\"show_title\":true,\"title_colon\":false,\"title_element\":\"h3\",\"title_grid_column_gap\":\"small\",\"title_grid_row_gap\":\"small\",\"title_grid_width\":\"expand\",\"title_leader\":true,\"title_style\":\"h5\"},\"children\":[{\"type\":\"description_list_item\",\"props\":{\"content\":\"\",\"meta\":\"CHF 600.00\",\"title\":\"Lavabo encastr\\u00e9\"}},{\"type\":\"description_list_item\",\"props\":{\"content\":\"\",\"meta\":\"CHF 700.00\",\"title\":\"Lavabo porcelaine\"}},{\"type\":\"description_list_item\",\"props\":{\"content\":\"\",\"meta\":\"CHF 750.00\",\"title\":\"Evier cuisine\"}},{\"type\":\"description_list_item\",\"props\":{\"content\":\"\",\"meta\":\"CHF 200 \\u00e0 CHF 250.00\",\"title\":\"R\\u00e9paration d'un \\u00e9clat\"}},{\"type\":\"description_list_item\",\"props\":{\"content\":\"\",\"meta\":\"CHF 200 \\u00e0 CHF 250.00\",\"title\":\"Joint silicone\"}},{\"type\":\"description_list_item\",\"props\":{\"content\":\"\",\"meta\":\"CHF 60.00\",\"title\":\"D\\u00e9tartrage WC\"}}]}]}]},{\"type\":\"row\",\"children\":[{\"type\":\"column\",\"props\":{\"image_position\":\"center-center\",\"position_sticky_breakpoint\":\"m\"},\"children\":[{\"type\":\"divider\",\"props\":{\"divider_element\":\"hr\"}}]}]},{\"type\":\"row\",\"props\":{\"layout\":\"1-2,1-2\"},\"children\":[{\"type\":\"column\",\"props\":{\"image_position\":\"center-center\",\"position_sticky_breakpoint\":\"m\",\"width_medium\":\"1-2\"},\"children\":[{\"type\":\"headline\",\"props\":{\"content\":\"Conditions g\\u00e9n\\u00e9rales\",\"title_color\":\"primary\",\"title_element\":\"h5\"}},{\"type\":\"text\",\"props\":{\"column_breakpoint\":\"m\",\"content\":\"\n\n<p>Les prix s'entendent hors TVA suisse. <br \\\/>Pour toutes commandes sup\\u00e9rieures \\u00e0 CHF 790.-, les frais de d\\u00e9placement dans l'arc l\\u00e9manique sont offerts.<\\\/p>\",\"margin\":\"default\"}}]},{\"type\":\"column\",\"props\":{\"image_position\":\"center-center\",\"position_sticky_breakpoint\":\"m\",\"width_medium\":\"1-2\"},\"children\":[{\"type\":\"headline\",\"props\":{\"content\":\"Garanties de 6 ans !\",\"title_color\":\"primary\",\"title_element\":\"h5\",\"title_style\":\"h5\"}},{\"type\":\"text\",\"props\":{\"column_breakpoint\":\"m\",\"content\":\"\n\n<p>R\\u00e9no-Mac S\\u00e0rl propose une garantie de six ans contre l'\\u00e9caillage, garantissant durabilit\\u00e9 et qualit\\u00e9. Les clients b\\u00e9n\\u00e9ficient \\u00e9galement d'un large choix de couleurs, leur permettant de personnaliser chaque projet selon leurs pr\\u00e9f\\u00e9rences et leur style.<\\\/p>\",\"margin\":\"default\"}}]}]}],\"name\":\"Liste de prix \"}],\"version\":\"4.4.12\"} --><\/p>\n","protected":false},"excerpt":{"rendered":"<p>Liste de prix 2025 Pour toute commande d\u00e9passant CHF 790.-, les frais de d\u00e9placement dans l&rsquo;arc l\u00e9manique sont pris en charge.R\u00e9no-Mac S\u00e0rl propose une garantie de six ans contre l&rsquo;\u00e9caillage, assurant durabilit\u00e9 et haute qualit\u00e9. Les clients peuvent \u00e9galement personnaliser chaque projet en choisissant parmi une vaste gamme de couleurs adapt\u00e9es \u00e0 leurs pr\u00e9f\u00e9rences et [&hellip;]<\/p>\n","protected":false},"author":1,"featured_media":0,"parent":0,"menu_order":0,"comment_status":"closed","ping_status":"closed","template":"","meta":{"_acf_changed":false,"footnotes":""},"class_list":["post-1151","page","type-page","status-publish","hentry"],"acf":[],"_links":{"self":[{"href":"https:\/\/www.renovation-baignoire.ch\/renomac\/index.php?rest_route=\/wp\/v2\/pages\/1151","targetHints":{"allow":["GET"]}}],"collection":[{"href":"https:\/\/www.renovation-baignoire.ch\/renomac\/index.php?rest_route=\/wp\/v2\/pages"}],"about":[{"href":"https:\/\/www.renovation-baignoire.ch\/renomac\/index.php?rest_route=\/wp\/v2\/types\/page"}],"author":[{"embeddable":true,"href":"https:\/\/www.renovation-baignoire.ch\/renomac\/index.php?rest_route=\/wp\/v2\/users\/1"}],"replies":[{"embeddable":true,"href":"https:\/\/www.renovation-baignoire.ch\/renomac\/index.php?rest_route=%2Fwp%2Fv2%2Fcomments&post=1151"}],"version-history":[{"count":61,"href":"https:\/\/www.renovation-baignoire.ch\/renomac\/index.php?rest_route=\/wp\/v2\/pages\/1151\/revisions"}],"predecessor-version":[{"id":1427,"href":"https:\/\/www.renovation-baignoire.ch\/renomac\/index.php?rest_route=\/wp\/v2\/pages\/1151\/revisions\/1427"}],"wp:attachment":[{"href":"https:\/\/www.renovation-baignoire.ch\/renomac\/index.php?rest_route=%2Fwp%2Fv2%2Fmedia&parent=1151"}],"curies":[{"name":"wp","href":"https:\/\/api.w.org\/{rel}","templated":true}]}}