{"id":1207,"date":"2024-11-13T12:57:13","date_gmt":"2024-11-13T12:57:13","guid":{"rendered":"https:\/\/www.renovation-baignoire.ch\/renomac\/?page_id=1207"},"modified":"2024-11-13T15:50:15","modified_gmt":"2024-11-13T15:50:15","slug":"service-pour-gerance","status":"publish","type":"page","link":"https:\/\/www.renovation-baignoire.ch\/renomac\/?page_id=1207","title":{"rendered":"Pour les professionnels"},"content":{"rendered":"<ul>\n<li>\n<p><img decoding=\"async\" src=\"\/renomac\/wp-content\/uploads\/2024\/11\/hlm-img.jpg\" alt=\"hlm\"><\/p>\n<h3>Pour le secteur immobilier<\/h3>\n<div>\n<p>Une solution cl\u00e9 en main pour la r\u00e9novation sanitaire d\u00e9di\u00e9e aux professionnels. <\/p>\n<p>R\u00e9no-Mac est r\u00e9guli\u00e8rement sollicit\u00e9e par les r\u00e9gies immobili\u00e8res et g\u00e9rances pour la r\u00e9paration d\u2019\u00e9mail de baignoires et douches, ainsi que pour le polissage de sanitaires. <\/p>\n<p>Faire appel \u00e0 l\u2019expertise de R\u00e9no-Mac permet aux r\u00e9gies immobili\u00e8res d&rsquo;offrir \u00e0 leurs propri\u00e9taires une r\u00e9novation de salle de bain rapide, rentable et sans les contraintes des travaux lourds et co\u00fbteux qu&rsquo;impliquent l&rsquo;intervention d&rsquo;un plombier ou d&rsquo;une entreprise de r\u00e9novation classique.<\/p>\n<\/div>\n<\/li>\n<li>\n<p><img decoding=\"async\" src=\"\/renomac\/wp-content\/uploads\/2024\/11\/hotel-img.jpg\" alt=\"hotel\"><\/p>\n<h3>Pour le secteur h\u00f4telier<\/h3>\n<div>\n<p>Une solution sur mesure pour la r\u00e9novation sanitaire d\u00e9di\u00e9e aux professionnels de l&rsquo;h\u00f4tellerie. <\/p>\n<p>R\u00e9no-Mac est souvent sollicit\u00e9e pour la r\u00e9novation en grand volume de baignoires et de douches dans le secteur h\u00f4telier.<\/p>\n<p>En faisant appel \u00e0 l&rsquo;expertise de R\u00e9no-Mac, les \u00e9tablissements h\u00f4teliers profitent d&rsquo;une r\u00e9novation rapide et \u00e9conomique, limitant ainsi l&rsquo;impact sur l&rsquo;accueil des clients et les r\u00e9servations.<\/p>\n<\/div>\n<\/li>\n<\/ul>\n<p>\n    <a href=\"\/renomac\/indoex\">Une question ? N&rsquo;h\u00e9sitez pas \u00e0 nous contacter<\/a>\n<\/p>\n<p><!--more--><br \/>\n<!-- {\"type\":\"layout\",\"children\":[{\"type\":\"section\",\"props\":{\"image_position\":\"center-center\",\"style\":\"default\",\"title_breakpoint\":\"xl\",\"title_position\":\"top-left\",\"title_rotation\":\"left\",\"vertical_align\":\"middle\",\"width\":\"default\"},\"children\":[{\"type\":\"row\",\"children\":[{\"type\":\"column\",\"props\":{\"image_position\":\"center-center\",\"position_sticky_breakpoint\":\"m\"},\"children\":[{\"type\":\"grid\",\"props\":{\"content_column_breakpoint\":\"m\",\"filter_align\":\"left\",\"filter_all\":true,\"filter_grid_breakpoint\":\"m\",\"filter_grid_width\":\"auto\",\"filter_position\":\"top\",\"filter_style\":\"tab\",\"grid_column_align\":false,\"grid_default\":\"1\",\"grid_divider\":false,\"grid_large\":\"2\",\"grid_medium\":\"3\",\"grid_row_align\":false,\"grid_xlarge\":\"2\",\"icon_width\":80,\"image_align\":\"top\",\"image_grid_breakpoint\":\"m\",\"image_grid_width\":\"1-2\",\"image_svg_color\":\"emphasis\",\"item_animation\":true,\"link_style\":\"default\",\"link_text\":\"Read more\",\"margin\":\"default\",\"meta_align\":\"below-title\",\"meta_element\":\"div\",\"meta_style\":\"text-meta\",\"show_content\":true,\"show_image\":true,\"show_link\":true,\"show_meta\":true,\"show_title\":true,\"title_align\":\"top\",\"title_element\":\"h3\",\"title_grid_breakpoint\":\"m\",\"title_grid_width\":\"1-2\",\"title_hover_style\":\"reset\"},\"children\":[{\"type\":\"grid_item\",\"props\":{\"content\":\"\n\n<p>Une solution cl\\u00e9 en main pour la r\\u00e9novation sanitaire d\\u00e9di\\u00e9e aux professionnels. <br \\\/><br \\\/>R\\u00e9no-Mac est r\\u00e9guli\\u00e8rement sollicit\\u00e9e par les r\\u00e9gies immobili\\u00e8res et g\\u00e9rances pour la r\\u00e9paration d\\u2019\\u00e9mail de baignoires et douches, ainsi que pour le polissage de sanitaires. <br \\\/><br \\\/>Faire appel \\u00e0 l\\u2019expertise de R\\u00e9no-Mac permet aux r\\u00e9gies immobili\\u00e8res d'offrir \\u00e0 leurs propri\\u00e9taires une r\\u00e9novation de salle de bain rapide, rentable et sans les contraintes des travaux lourds et co\\u00fbteux qu'impliquent l'intervention d'un plombier ou d'une entreprise de r\\u00e9novation classique.<\\\/p>\",\"image\":\"wp-content\\\/uploads\\\/2024\\\/11\\\/hlm-img.jpg\",\"image_alt\":\"hlm\",\"title\":\"Pour le secteur immobilier\"}},{\"type\":\"grid_item\",\"props\":{\"content\":\"\n\n<p>Une solution sur mesure pour la r\\u00e9novation sanitaire d\\u00e9di\\u00e9e aux professionnels de l'h\\u00f4tellerie. <br \\\/><br \\\/>R\\u00e9no-Mac est souvent sollicit\\u00e9e pour la r\\u00e9novation en grand volume de baignoires et de douches dans le secteur h\\u00f4telier.<\\\/p>\\n\n\n<p>En faisant appel \\u00e0 l'expertise de R\\u00e9no-Mac, les \\u00e9tablissements h\\u00f4teliers profitent d'une r\\u00e9novation rapide et \\u00e9conomique, limitant ainsi l'impact sur l'accueil des clients et les r\\u00e9servations.<\\\/p>\",\"image\":\"wp-content\\\/uploads\\\/2024\\\/11\\\/hotel-img.jpg\",\"image_alt\":\"hotel\",\"title\":\"Pour le secteur h\\u00f4telier\"}}]}]}]},{\"type\":\"row\",\"children\":[{\"type\":\"column\",\"props\":{\"image_position\":\"center-center\",\"position_sticky_breakpoint\":\"m\"},\"children\":[{\"type\":\"button\",\"props\":{\"animation\":\"none\",\"blend\":false,\"fullwidth\":true,\"grid_column_gap\":\"collapse\",\"grid_row_gap\":\"collapse\",\"margin\":\"default\",\"margin_remove_bottom\":false,\"margin_remove_top\":false,\"maxwidth\":\"2xlarge\"},\"children\":[{\"type\":\"button_item\",\"props\":{\"button_style\":\"default\",\"content\":\"Une question ? N'h\\u00e9sitez pas \\u00e0 nous contacter\",\"icon\":\"question\",\"icon_align\":\"left\",\"link\":\"indoex\",\"link_aria_label\":\"question\",\"link_title\":\"question\"}}]}]}]}],\"name\":\"Pour les professionnels\"}],\"version\":\"4.4.12\"} --><\/p>\n","protected":false},"excerpt":{"rendered":"<p>Pour le secteur immobilier Une solution cl\u00e9 en main pour la r\u00e9novation sanitaire d\u00e9di\u00e9e aux professionnels. R\u00e9no-Mac est r\u00e9guli\u00e8rement sollicit\u00e9e par les r\u00e9gies immobili\u00e8res et g\u00e9rances pour la r\u00e9paration d\u2019\u00e9mail de baignoires et douches, ainsi que pour le polissage de sanitaires. Faire appel \u00e0 l\u2019expertise de R\u00e9no-Mac permet aux r\u00e9gies immobili\u00e8res d&rsquo;offrir \u00e0 leurs propri\u00e9taires [&hellip;]<\/p>\n","protected":false},"author":1,"featured_media":0,"parent":0,"menu_order":0,"comment_status":"closed","ping_status":"closed","template":"","meta":{"_acf_changed":false,"footnotes":""},"class_list":["post-1207","page","type-page","status-publish","hentry"],"acf":[],"_links":{"self":[{"href":"https:\/\/www.renovation-baignoire.ch\/renomac\/index.php?rest_route=\/wp\/v2\/pages\/1207","targetHints":{"allow":["GET"]}}],"collection":[{"href":"https:\/\/www.renovation-baignoire.ch\/renomac\/index.php?rest_route=\/wp\/v2\/pages"}],"about":[{"href":"https:\/\/www.renovation-baignoire.ch\/renomac\/index.php?rest_route=\/wp\/v2\/types\/page"}],"author":[{"embeddable":true,"href":"https:\/\/www.renovation-baignoire.ch\/renomac\/index.php?rest_route=\/wp\/v2\/users\/1"}],"replies":[{"embeddable":true,"href":"https:\/\/www.renovation-baignoire.ch\/renomac\/index.php?rest_route=%2Fwp%2Fv2%2Fcomments&post=1207"}],"version-history":[{"count":19,"href":"https:\/\/www.renovation-baignoire.ch\/renomac\/index.php?rest_route=\/wp\/v2\/pages\/1207\/revisions"}],"predecessor-version":[{"id":1252,"href":"https:\/\/www.renovation-baignoire.ch\/renomac\/index.php?rest_route=\/wp\/v2\/pages\/1207\/revisions\/1252"}],"wp:attachment":[{"href":"https:\/\/www.renovation-baignoire.ch\/renomac\/index.php?rest_route=%2Fwp%2Fv2%2Fmedia&parent=1207"}],"curies":[{"name":"wp","href":"https:\/\/api.w.org\/{rel}","templated":true}]}}