{"id":1233,"date":"2024-11-13T15:52:22","date_gmt":"2024-11-13T15:52:22","guid":{"rendered":"https:\/\/www.renovation-baignoire.ch\/renomac\/?page_id=1233"},"modified":"2024-11-13T15:52:22","modified_gmt":"2024-11-13T15:52:22","slug":"pour-les-particuliers","status":"publish","type":"page","link":"https:\/\/www.renovation-baignoire.ch\/renomac\/?page_id=1233","title":{"rendered":"Pour les particuliers"},"content":{"rendered":"<h3><span>Pour les particuliers<\/span><\/h3>\n<div>\n<p>Un \u00e9clat \u00e0 r\u00e9parer, une baignoire \u00e0 r\u00e9nover ?<\/p>\n<p>De nombreux particuliers nous font confiance pour des interventions rapides et efficaces sur la r\u00e9paration ou la r\u00e9novation de leurs sanitaires.<\/p>\n<p>R\u00e9no-Mac se d\u00e9place dans toute la Suisse romande pour offrir ses services, avec un devis gratuit \u00e0 la cl\u00e9.<\/p>\n<\/div>\n<p><img decoding=\"async\" src=\"\/renomac\/wp-content\/uploads\/2024\/11\/baignoire1.webp\" alt=\"\"><\/p>\n<p>\n    <a href=\"\/renomac\/index\">Une question ? N&rsquo;h\u00e9sitez pas \u00e0 nous contacter<\/a>\n<\/p>\n<p><!--more--><br \/>\n<!-- {\"type\":\"layout\",\"children\":[{\"type\":\"section\",\"props\":{\"image_position\":\"center-center\",\"style\":\"default\",\"title_breakpoint\":\"xl\",\"title_position\":\"top-left\",\"title_rotation\":\"left\",\"vertical_align\":\"middle\",\"width\":\"default\"},\"children\":[{\"type\":\"row\",\"props\":{\"layout\":\"1-2,1-2\"},\"children\":[{\"type\":\"column\",\"props\":{\"image_position\":\"center-center\",\"position_sticky_breakpoint\":\"m\",\"width_medium\":\"1-2\"},\"children\":[{\"type\":\"headline\",\"props\":{\"content\":\"<span>Pour les particuliers<\\\/span>\",\"title_element\":\"h3\"}},{\"type\":\"text\",\"props\":{\"column_breakpoint\":\"m\",\"content\":\"\n\n<p>Un \\u00e9clat \\u00e0 r\\u00e9parer, une baignoire \\u00e0 r\\u00e9nover ?<\\\/p>\\n\n\n<p>De nombreux particuliers nous font confiance pour des interventions rapides et efficaces sur la r\\u00e9paration ou la r\\u00e9novation de leurs sanitaires.<\\\/p>\\n\n\n<p>R\\u00e9no-Mac se d\\u00e9place dans toute la Suisse romande pour offrir ses services, avec un devis gratuit \\u00e0 la cl\\u00e9.<\\\/p>\",\"margin\":\"default\"}}]},{\"type\":\"column\",\"props\":{\"image_position\":\"center-center\",\"position_sticky_breakpoint\":\"m\",\"width_medium\":\"1-2\"},\"children\":[{\"type\":\"image\",\"props\":{\"image\":\"wp-content\\\/uploads\\\/2024\\\/11\\\/baignoire1.webp\",\"image_svg_color\":\"emphasis\",\"margin\":\"default\"}}]}]},{\"type\":\"row\",\"children\":[{\"type\":\"column\",\"props\":{\"image_position\":\"center-center\",\"position_sticky_breakpoint\":\"m\"},\"children\":[{\"type\":\"button\",\"props\":{\"fullwidth\":true,\"grid_column_gap\":\"small\",\"grid_row_gap\":\"small\",\"margin\":\"default\"},\"children\":[{\"type\":\"button_item\",\"props\":{\"button_style\":\"default\",\"content\":\"Une question ? N'h\\u00e9sitez pas \\u00e0 nous contacter\",\"icon_align\":\"left\",\"link\":\"index\"}}]}]}]}]}],\"version\":\"4.4.12\"} --><\/p>\n","protected":false},"excerpt":{"rendered":"<p>Pour les particuliers Un \u00e9clat \u00e0 r\u00e9parer, une baignoire \u00e0 r\u00e9nover ? De nombreux particuliers nous font confiance pour des interventions rapides et efficaces sur la r\u00e9paration ou la r\u00e9novation de leurs sanitaires. R\u00e9no-Mac se d\u00e9place dans toute la Suisse romande pour offrir ses services, avec un devis gratuit \u00e0 la cl\u00e9. Une question ? [&hellip;]<\/p>\n","protected":false},"author":1,"featured_media":0,"parent":0,"menu_order":0,"comment_status":"closed","ping_status":"closed","template":"","meta":{"_acf_changed":false,"footnotes":""},"class_list":["post-1233","page","type-page","status-publish","hentry"],"acf":[],"_links":{"self":[{"href":"https:\/\/www.renovation-baignoire.ch\/renomac\/index.php?rest_route=\/wp\/v2\/pages\/1233","targetHints":{"allow":["GET"]}}],"collection":[{"href":"https:\/\/www.renovation-baignoire.ch\/renomac\/index.php?rest_route=\/wp\/v2\/pages"}],"about":[{"href":"https:\/\/www.renovation-baignoire.ch\/renomac\/index.php?rest_route=\/wp\/v2\/types\/page"}],"author":[{"embeddable":true,"href":"https:\/\/www.renovation-baignoire.ch\/renomac\/index.php?rest_route=\/wp\/v2\/users\/1"}],"replies":[{"embeddable":true,"href":"https:\/\/www.renovation-baignoire.ch\/renomac\/index.php?rest_route=%2Fwp%2Fv2%2Fcomments&post=1233"}],"version-history":[{"count":4,"href":"https:\/\/www.renovation-baignoire.ch\/renomac\/index.php?rest_route=\/wp\/v2\/pages\/1233\/revisions"}],"predecessor-version":[{"id":1253,"href":"https:\/\/www.renovation-baignoire.ch\/renomac\/index.php?rest_route=\/wp\/v2\/pages\/1233\/revisions\/1253"}],"wp:attachment":[{"href":"https:\/\/www.renovation-baignoire.ch\/renomac\/index.php?rest_route=%2Fwp%2Fv2%2Fmedia&parent=1233"}],"curies":[{"name":"wp","href":"https:\/\/api.w.org\/{rel}","templated":true}]}}